{"id":9,"date":"2025-05-31T12:14:37","date_gmt":"2025-05-31T10:14:37","guid":{"rendered":"https:\/\/ruossag.wordpress.com\/?page_id=9"},"modified":"2025-10-31T15:14:17","modified_gmt":"2025-10-31T14:14:17","slug":"referenzen","status":"publish","type":"page","link":"https:\/\/www.ruossag.ch\/?page_id=9","title":{"rendered":"Referenzen"},"content":{"rendered":"<p>Eine Auswahl von Projekten\/Mandaten der letzten 10 Jahre:<\/p>\n<p>F\u00fcr Details bitte\u00a0bei <a href=\"mailto:sekretariat@ruossag.ch\">sekretariat@ruossag.ch<\/a> anfragen.<\/p>\n<p>&nbsp;<\/p>\n<ul>\n<li>Bundesamt f\u00fcr Kommunikation BAKOM<\/li>\n<li>Bytelink AG<\/li>\n<li>DigiMig -Digitalisierung der UKW-Verbreitung<\/li>\n<li>Eidgen\u00f6ssische Kommunikations KommissionCOMCOM<\/li>\n<li>Goldbach Media<\/li>\n<li>HD-Radio Versuche (Schweiz und BRD)<\/li>\n<li>Radio Argovia<\/li>\n<li>Radio Schweiz AG<\/li>\n<li>Radiotrend AG<\/li>\n<li>Swisscom Broadcast<\/li>\n<li>Teletrend AG<\/li>\n<li>ZoneCasting, Geo Broadcast<\/li>\n<\/ul>\n<p>&nbsp;<\/p>\n<p>Die Ruoss AG verf\u00fcgte bis zur Pensionierung des Inhabers (2012) im Bereich Rundfunk, neue elektronische Medien und Kabelfernsehen \u00fcber eine langj\u00e4hrige und breite Beratungs- und Dienstleistungs-Erfahrung:<\/p>\n<p>Sende-Anlagen-Projektierung sowie Dienstleistungen im Bereich Betrieb und Unterhalt der Sendeanlagen f\u00fcr SRG-SSR und Privatradio Veranstalter in der Schweiz.<\/p>\n<p>Pr\u00e4sentationen VSP 2004 und 2005 &#8222;Radio-Verbreitungsdigitalisierung in Europa&#8220;<\/p>\n<p>UKW-Verbreitungs-Beratung f\u00fcr Radio Argovia, 2004\/2005<\/p>\n<p>SRG-Radio-Workshop 2004 &#8211; Pr\u00e4sentation inkl. praktische Schulung<br \/>\nTechnische Eigenschaften von UKW-Empf\u00e4ngern<\/p>\n<p>Machbarkeitsbericht DVBT f\u00fcr Wasserwerke Zug AG 2004<br \/>\nContent to mobile &amp; portables<\/p>\n<p>Begleitung UKW-Empf\u00e4ngerstudie<br \/>\ni.A. BAKOM bei Nozema NL, 2003\/2004<\/p>\n<p>Pr\u00e4sentation Radio-Day 2003<br \/>\n&#8222;5 technische Szenarien f\u00fcr die UKW-Zukunft der Schweiz&#8220;<\/p>\n<p>&#8222;Teleraetia goes digital&#8220;<br \/>\nKonzeptstudien f\u00fcr die zuk\u00fcnftige Entwicklung der TeleRaetia (&#8222;drahtloser Kabelnetzbetreiber&#8220;), bis und mit Convention &#8211; Reisebegleitung 1993 &#8211; 1998 &#8211; 2003<\/p>\n<p>Verschiedene Trendberichte Telekommunikation<br \/>\nf\u00fcr Telecolumbus GmbH Hannover (ab 2002)<\/p>\n<p>Pr\u00e4sentation am 1st communication Day Biel 2002<br \/>\n&#8222;Neue Technologien &#8211; Das gute alte Dampfradio auf UKW&#8220;<\/p>\n<p>Mitglied der CH-UKW-2001 Expertengruppe<br \/>\nIm Auftrag des BAKOM &#8211; Beitr\u00e4ge im Bereich Verbesserung der UKW-Sendernetz-Planung, OBB etc.<\/p>\n<p>Mitglied der DAB und DVB-T Plattform der Schweiz<br \/>\nAktueller Beitrag: Ist DAB noch zu retten? 2001<\/p>\n<p>Strategische Breitband-Netz-Beratung\/Reisebegleitung Nordamerika<br \/>\nf\u00fcr Mannesmann AG Deutschland 1999<\/p>\n<p>Second Opinion Studie Set &#8211; Top &#8211; Box und Cable &#8211; Modem<br \/>\nEmpfehlung f\u00fcr Einf\u00fchrungs-Szenario &#8222;BOX&#8220; und Cable-Modem im Auftrag von CableCom Holding, 1998<\/p>\n<p>Internet und Medienperspektiven INFRAS Medienforschung 1998<br \/>\nMitarbeit als &#8222;Befragter Experte und Workshopteilnehmer&#8220;<\/p>\n<p>Die Zukunft der Kabelnetze ist Digital<br \/>\nErarbeitung von Basiskonzepten f\u00fcr die Kapazit\u00e4ts-Erweiterung von Kabelfernsehnetzen durch &#8222;Digitalisierung&#8220;, f\u00fcr mehrere Kunden, z.B. Helvesat (heute CableCom) und Wasserwerke Zug AG, 1993 &#8211; 1996<\/p>\n<p>Marktbeobachtung CATV-Nordamerika<br \/>\nJ\u00e4hrliche Uebersicht \u00fcber die wesentlichen technologischen und marktm\u00e4ssigen Entwicklungen im CATV-Markt Nordamerika mit Empfehlungen f\u00fcr &#8222;Business Oportunities&#8220; im Bereich CATV und Multimedia. Die Kunden sind prim\u00e4r Handels-\/Multimedia-orientiert. Seit 1994<\/p>\n<p>CATV &#8211; Vernetzung f\u00fcr die Zukunft<br \/>\nChancen und Risiken der Schweizer Kabelnetzbetreiber in einem liberalisierten Telekom-Markt. INFRAS-Studie im Auftrag von SwissCable. Mitarbeit als externer Experte in Teilbereichen und Workshop.<\/p>\n<p>Die Zukunft der LGGA, Kabelnetz im F\u00fcrstentum Liechtenstein<br \/>\nKonzepte \/ Studien \/ Empfehlungen f\u00fcr die zuk\u00fcnftigen Angebote der LGGA unter Annahme der Umwandlung des Kabelfernsehnetzes in ein eigentliches Kommunikations-Netz. In Zusammenarbeit und teils im Auftrag von TeleTrend AG, Cham.<\/p>\n<p>Industrielle Betriebe der Stadt Brugg<br \/>\nPlanung \/ Projektierung \/ Konzept f\u00fcr Kabelfernsehnetz \/ Beratung f\u00fcr Info-Kanal<\/p>\n<p>Gemeinden Vaduz \/ Schaan FL<br \/>\n&#8211; Beratung \/ Planung \/ Vorprojekt f\u00fcr Kabelfernsehnetz<br \/>\n&#8211; Beratung \/ Vorprojekt f\u00fcr INFO-Kanal<\/p>\n<p>Entwicklung Nachbarkanal-Betrieb<br \/>\nAufbau der ersten europ\u00e4ischen, konsequenten CATV-Nachbarkanalbelegung, mit Machbarkeitsstudie in 500 Haushalten (1975) und Entwicklung einer nachbarkanalf\u00e4higen Kopfstation, bei Wasserwerke Zug AG.<\/p>\n<p>Entwicklung von Gleichfrequenzbetrieb<br \/>\nErarbeitung\/Entwicklung einer Technik f\u00fcr synchronen Gleichkanalbetrieb im UKW-Bereich. Erste betriebsf\u00e4hige Anlage im Jahr 1981. Heute verschiedene Anlagen in Betrieb.<\/p>\n<p>Gemeindewerke K\u00fcsnacht ZH<br \/>\nBeratung \/ Planung \/ Konzepte f\u00fcr Kabelfernsehnetz<\/p>\n<p>GGA Maur und Umgebung<br \/>\nBeratung \/ Konzepte f\u00fcr Kabelfernsehen und neue Medien<\/p>\n<p>Verschiedene nationale \/ internationale Konzept-Vorschl\u00e4ge und Vortr\u00e4ge beim Internationalen Fernsehsymposium Montreux<\/p>\n<p>W\u00fcnschen Sie mehr Informationen \u00fcber die obigen Projekte? Dann schicken Sie uns ein Email Herr Markus A. Ruoss <a href=\"sekretariat@ruossag.ch\">sekretariat@ruossag.ch<\/a>. Wir werden uns umgehend mit Ihnen in Verbindung setzen.<\/p>\n","protected":false},"excerpt":{"rendered":"<p>Eine Auswahl von Projekten\/Mandaten der letzten 10 Jahre: F\u00fcr Details bitte\u00a0bei sekretariat@ruossag.ch anfragen. &nbsp; Bundesamt f\u00fcr Kommunikation BAKOM Bytelink AG DigiMig -Digitalisierung der UKW-Verbreitung Eidgen\u00f6ssische Kommunikations KommissionCOMCOM Goldbach Media HD-Radio Versuche (Schweiz und BRD) Radio Argovia Radio Schweiz AG Radiotrend AG Swisscom Broadcast Teletrend AG ZoneCasting, Geo Broadcast &nbsp; Die Ruoss AG verf\u00fcgte bis zur &#8230; <a title=\"Referenzen\" class=\"read-more\" href=\"https:\/\/www.ruossag.ch\/?page_id=9\" aria-label=\"Mehr Informationen \u00fcber Referenzen\">Weiterlesen<\/a><\/p>\n","protected":false},"author":1,"featured_media":0,"parent":0,"menu_order":0,"comment_status":"closed","ping_status":"closed","template":"","meta":{"footnotes":""},"class_list":["post-9","page","type-page","status-publish"],"_links":{"self":[{"href":"https:\/\/www.ruossag.ch\/index.php?rest_route=\/wp\/v2\/pages\/9","targetHints":{"allow":["GET"]}}],"collection":[{"href":"https:\/\/www.ruossag.ch\/index.php?rest_route=\/wp\/v2\/pages"}],"about":[{"href":"https:\/\/www.ruossag.ch\/index.php?rest_route=\/wp\/v2\/types\/page"}],"author":[{"embeddable":true,"href":"https:\/\/www.ruossag.ch\/index.php?rest_route=\/wp\/v2\/users\/1"}],"replies":[{"embeddable":true,"href":"https:\/\/www.ruossag.ch\/index.php?rest_route=%2Fwp%2Fv2%2Fcomments&post=9"}],"version-history":[{"count":2,"href":"https:\/\/www.ruossag.ch\/index.php?rest_route=\/wp\/v2\/pages\/9\/revisions"}],"predecessor-version":[{"id":145,"href":"https:\/\/www.ruossag.ch\/index.php?rest_route=\/wp\/v2\/pages\/9\/revisions\/145"}],"wp:attachment":[{"href":"https:\/\/www.ruossag.ch\/index.php?rest_route=%2Fwp%2Fv2%2Fmedia&parent=9"}],"curies":[{"name":"wp","href":"https:\/\/api.w.org\/{rel}","templated":true}]}}