{"id":13,"date":"2025-10-06T12:16:45","date_gmt":"2025-10-06T10:16:45","guid":{"rendered":"https:\/\/ruossag.wordpress.com\/?page_id=13"},"modified":"2026-04-04T20:22:57","modified_gmt":"2026-04-04T18:22:57","slug":"aktuellesnews","status":"publish","type":"page","link":"https:\/\/www.ruossag.ch\/?page_id=13","title":{"rendered":"Aktuelles"},"content":{"rendered":"\r\n<p>Aktuelle Reiseberichte:<\/p>\r\n<p><a href=\"https:\/\/www.ruossag.ch\/wp-content\/uploads\/2026\/04\/BERICHT-MWC-26-FINAL.pdf\">M\u00e4rz 2026: MWC Barcelona<\/a><\/p>\r\n<p><a href=\"https:\/\/www.ruossag.ch\/wp-content\/uploads\/2026\/02\/BERICHT-CES-26-FINAL-kompr.pdf\">Januar 2026: CES Las Vegas<\/a><\/p>\r\n<p><a href=\"https:\/\/www.ruossag.ch\/wp-content\/uploads\/2025\/10\/Bericht-SCTE-CableTecExpo-Final-RUO.pdf\">September 2025: SCTE TechExpo 2025<\/a><\/p>\r\n<p><a href=\"https:\/\/www.ruossag.ch\/wp-content\/uploads\/2025\/09\/Bericht-IBC-25-RUOAG.pdf\">September 2025: IBC Amsterdam<\/a><\/p>\r\n<p><a href=\"https:\/\/www.ruossag.ch\/wp-content\/uploads\/2025\/09\/Bericht-FRK-25-RUOAG.pdf\">September 2025: Breitbandkongress des FRK\u00a0Leipzig<\/a><\/p>\r\n\r\n\r\n\r\n<p><a href=\"https:\/\/www.ruossag.ch\/wp-content\/uploads\/2025\/09\/Bericht-IFA-25-RUOAG.pdf\">September 2025: IFA Berlin<\/a><\/p>\r\n\r\n\r\n\r\n<p><a href=\"https:\/\/www.ruossag.ch\/wp-content\/uploads\/2025\/06\/ANGA-25-Bericht-RUOAG-1.pdf\">Juni 2025: ANGA COM K\u00f6ln<\/a><\/p>\r\n\r\n\r\n\r\n<p><a href=\"https:\/\/www.ruossag.ch\/wp-content\/uploads\/2025\/04\/NAB-Bericht-25-Final-RUOAG.pdf\">April 2025: NABShow Las Vegas<\/a><\/p>\r\n\r\n\r\n\r\n<p><a href=\"https:\/\/www.ruossag.ch\/wp-content\/uploads\/2025\/03\/Bericht-Satshow-25-Ruo-AG.pdf\">M\u00e4rz 2025: Satellite Conference &amp; Exhibition Washington DC<\/a><\/p>\r\n\r\n\r\n\r\n<p><a href=\"https:\/\/www.ruossag.ch\/wp-content\/uploads\/2025\/03\/Bericht-MWC-25-RuoAG.pdf\">M\u00e4rz 2025: MWC Barcelona<\/a><\/p>\r\n\r\n\r\n\r\n<p><a href=\"https:\/\/www.ruossag.ch\/wp-content\/uploads\/2025\/01\/CES-2025-Bericht-FINAL-RUO-AG.pdf\">Januar 2025: CES Las Vergas<\/a><\/p>\r\n\r\n\r\n\r\n<p><a href=\"https:\/\/www.ruossag.ch\/wp-content\/uploads\/2024\/11\/Bericht-MTM-24-Final-RUO.pdf\">Oktober 2024: Medientage M\u00fcnchen<\/a><\/p>\r\n\r\n\r\n\r\n<p><a href=\"https:\/\/www.ruossag.ch\/wp-content\/uploads\/2024\/10\/BERICHT-TECH-EXPO24-Ruo.pdf\">September 2024: Tech Expo<\/a><\/p>\r\n\r\n\r\n\r\n<p><a href=\"https:\/\/www.ruossag.ch\/wp-content\/uploads\/2025\/01\/CES-2025-Bericht-FINAL-RUO-AG.pdf\">Januar 2025: CES Las Vergas<\/a><\/p>\r\n\r\n\r\n\r\n<p><a href=\"https:\/\/www.ruossag.ch\/wp-content\/uploads\/2024\/11\/Bericht-MTM-24-Final-RUO.pdf\">Oktober 2024: Medientage M\u00fcnchen<\/a><\/p>\r\n\r\n\r\n\r\n<p><a href=\"https:\/\/www.ruossag.ch\/wp-content\/uploads\/2024\/10\/BERICHT-TECH-EXPO24-Ruo.pdf\">September 2024: Tech Expo Atlanta<\/a><\/p>\r\n\r\n\r\n\r\n<p><a href=\"https:\/\/www.ruossag.ch\/wp-content\/uploads\/2024\/09\/Bericht-IBC-24-RUO.pdf\">September 2024: IBC Amsterdam<\/a><\/p>\r\n\r\n\r\n\r\n<p><a href=\"https:\/\/www.ruossag.ch\/wp-content\/uploads\/2024\/09\/Bericht-IFA24-RuoAG.pdf\">September 2024: IFA Berlin<\/a><\/p>\r\n\r\n\r\n\r\n<p><a href=\"https:\/\/www.ruossag.ch\/wp-content\/uploads\/2024\/05\/ANGA-Bericht-24-Final-RuoAG.pdf\">Mai 2024: ANGA COM<\/a><\/p>\r\n\r\n\r\n\r\n<p><a href=\"https:\/\/www.ruossag.ch\/wp-content\/uploads\/2024\/04\/BERICHT-NAB-24-Final-Ruo-AG.pdf\">April 2024: NAB Las Vegas<\/a><\/p>\r\n\r\n\r\n\r\n<p>Weitere Reiseberichte gibt es unter <a href=\"https:\/\/www.ruossag.ch\/reiseberichte\/\">Reiseberichte<\/a><\/p>\r\n","protected":false},"excerpt":{"rendered":"<p>Aktuelle Reiseberichte: M\u00e4rz 2026: MWC Barcelona Januar 2026: CES Las Vegas September 2025: SCTE TechExpo 2025 September 2025: IBC Amsterdam September 2025: Breitbandkongress des FRK\u00a0Leipzig September 2025: IFA Berlin Juni 2025: ANGA COM K\u00f6ln April 2025: NABShow Las Vegas M\u00e4rz 2025: Satellite Conference &amp; Exhibition Washington DC M\u00e4rz 2025: MWC Barcelona Januar 2025: CES Las &#8230; <a title=\"Aktuelles\" class=\"read-more\" href=\"https:\/\/www.ruossag.ch\/?page_id=13\" aria-label=\"Mehr Informationen \u00fcber Aktuelles\">Weiterlesen<\/a><\/p>\n","protected":false},"author":1,"featured_media":0,"parent":0,"menu_order":0,"comment_status":"closed","ping_status":"closed","template":"","meta":{"footnotes":""},"class_list":["post-13","page","type-page","status-publish"],"_links":{"self":[{"href":"https:\/\/www.ruossag.ch\/index.php?rest_route=\/wp\/v2\/pages\/13","targetHints":{"allow":["GET"]}}],"collection":[{"href":"https:\/\/www.ruossag.ch\/index.php?rest_route=\/wp\/v2\/pages"}],"about":[{"href":"https:\/\/www.ruossag.ch\/index.php?rest_route=\/wp\/v2\/types\/page"}],"author":[{"embeddable":true,"href":"https:\/\/www.ruossag.ch\/index.php?rest_route=\/wp\/v2\/users\/1"}],"replies":[{"embeddable":true,"href":"https:\/\/www.ruossag.ch\/index.php?rest_route=%2Fwp%2Fv2%2Fcomments&post=13"}],"version-history":[{"count":113,"href":"https:\/\/www.ruossag.ch\/index.php?rest_route=\/wp\/v2\/pages\/13\/revisions"}],"predecessor-version":[{"id":559,"href":"https:\/\/www.ruossag.ch\/index.php?rest_route=\/wp\/v2\/pages\/13\/revisions\/559"}],"wp:attachment":[{"href":"https:\/\/www.ruossag.ch\/index.php?rest_route=%2Fwp%2Fv2%2Fmedia&parent=13"}],"curies":[{"name":"wp","href":"https:\/\/api.w.org\/{rel}","templated":true}]}}